{"id":47,"date":"2024-07-05T15:15:35","date_gmt":"2024-07-05T13:15:35","guid":{"rendered":"https:\/\/eva-massage-chinois-lyon.com\/?page_id=47"},"modified":"2024-07-05T15:17:12","modified_gmt":"2024-07-05T13:17:12","slug":"tous-nos-massages","status":"publish","type":"page","link":"https:\/\/eva-massage-chinois-lyon.com\/index.php\/tous-nos-massages\/","title":{"rendered":"Massage \u00e0 l&#8217;huile"},"content":{"rendered":"\t\t<div data-elementor-type=\"wp-page\" data-elementor-id=\"47\" class=\"elementor elementor-47\">\n\t\t\t\t<div class=\"elementor-element elementor-element-7ba50d3 e-flex e-con-boxed e-con e-parent\" data-id=\"7ba50d3\" data-element_type=\"container\">\n\t\t\t\t\t<div class=\"e-con-inner\">\n\t\t\t\t<div class=\"elementor-element elementor-element-565a6d2 elementor-widget elementor-widget-text-editor\" data-id=\"565a6d2\" data-element_type=\"widget\" data-widget_type=\"text-editor.default\">\n\t\t\t\t<div class=\"elementor-widget-container\">\n\t\t\t<style>\/*! elementor - v3.23.0 - 25-07-2024 *\/\n.elementor-widget-text-editor.elementor-drop-cap-view-stacked .elementor-drop-cap{background-color:#69727d;color:#fff}.elementor-widget-text-editor.elementor-drop-cap-view-framed .elementor-drop-cap{color:#69727d;border:3px solid;background-color:transparent}.elementor-widget-text-editor:not(.elementor-drop-cap-view-default) .elementor-drop-cap{margin-top:8px}.elementor-widget-text-editor:not(.elementor-drop-cap-view-default) .elementor-drop-cap-letter{width:1em;height:1em}.elementor-widget-text-editor .elementor-drop-cap{float:left;text-align:center;line-height:1;font-size:50px}.elementor-widget-text-editor .elementor-drop-cap-letter{display:inline-block}<\/style>\t\t\t\t<h3>Une Exp\u00e9rience de D\u00e9tente Profonde<\/h3><p>Le massage \u00e0 l\u2019huile, pratiqu\u00e9 sur la peau nue ou en sous-v\u00eatements, est une v\u00e9ritable invitation \u00e0 la relaxation. Compos\u00e9 de mouvements amples, fluides et souples, ce massage enveloppant et rythm\u00e9 procure une sensation de d\u00e9tente et d\u2019unit\u00e9 semblable \u00e0 des vagues caressant le corps.<\/p><h4>Les Bienfaits du Massage Relaxation<\/h4><p>Le massage relaxation est une source in\u00e9puisable de bien-\u00eatre. Il d\u00e9noue les muscles tendus par les tracas quotidiens, am\u00e9liore la circulation sanguine et lymphatique, et \u00e9limine le stress et l\u2019anxi\u00e9t\u00e9. Proche du massage th\u00e9rapeutique, il offre \u00e0 celui qui le re\u00e7oit un v\u00e9ritable moment de d\u00e9tente et de bien-\u00eatre.<\/p><h4>Effets sur le Corps et l\u2019Esprit<\/h4><p>Ce massage agit sur tous les aspects de l\u2019\u00eatre humain : physique, musculaire, articulaire et mental. Il dissipe les tensions et procure un sentiment de paix int\u00e9rieure.<\/p><h4>Le D\u00e9roulement de la S\u00e9ance<\/h4><p>Le massage de relaxation se pratique sur une table de massage, avec de l\u2019huile, en position recto-verso. Il est enti\u00e8rement manuel et se re\u00e7oit sur la peau nue ou en sous-v\u00eatements, selon les pr\u00e9f\u00e9rences du client. Pour respecter la pudeur de chacun, les parties du corps non mass\u00e9es peuvent \u00eatre couvertes d\u2019une serviette sur demande.<\/p><h4>D\u00e9couvrez Nos Autres Massages<\/h4><ul><li><strong>Massages aux Huiles Chaudes<\/strong> : Une chaleur enveloppante pour une relaxation profonde.<\/li><li><strong>Massage \u00e0 Quatre Mains<\/strong> : Deux praticiens pour une exp\u00e9rience intensifi\u00e9e.<\/li><li><strong>Massage au Sol sur Futon<\/strong> : Une approche traditionnelle au sol.<\/li><li><strong>Massage Chinois Tonique<\/strong> : Pour revitaliser et \u00e9nergiser le corps.<\/li><li><strong>Massage Chinois Traditionnel<\/strong> : Techniques anciennes pour un bien-\u00eatre authentique.<\/li><li><strong>Massage de la T\u00eate<\/strong> : D\u00e9tente cibl\u00e9e pour le cuir chevelu et les \u00e9paules.<\/li><li><strong>Massage des Pieds<\/strong> : R\u00e9flexologie pour un bien-\u00eatre global.<\/li><\/ul><h4>Tarifs et R\u00e9servations<\/h4><p>Pour consulter nos tarifs et r\u00e9server votre s\u00e9ance, cliquez ici. Offrez-vous une parenth\u00e8se de bien-\u00eatre et d\u00e9couvrez les bienfaits de nos massages, adapt\u00e9s \u00e0 tous vos besoins et envies.<\/p>\t\t\t\t\t\t<\/div>\n\t\t\t\t<\/div>\n\t\t\t\t\t<\/div>\n\t\t\t\t<\/div>\n\t\t\t\t<\/div>\n\t\t","protected":false},"excerpt":{"rendered":"<p>Une Exp\u00e9rience de D\u00e9tente Profonde Le massage \u00e0 l\u2019huile, pratiqu\u00e9 sur la peau nue ou en sous-v\u00eatements, est une v\u00e9ritable invitation \u00e0 la relaxation. Compos\u00e9 de mouvements amples, fluides et &hellip; <\/p>\n","protected":false},"author":1,"featured_media":0,"parent":0,"menu_order":0,"comment_status":"closed","ping_status":"closed","template":"","meta":{"footnotes":""},"class_list":["post-47","page","type-page","status-publish","hentry"],"_links":{"self":[{"href":"https:\/\/eva-massage-chinois-lyon.com\/index.php\/wp-json\/wp\/v2\/pages\/47","targetHints":{"allow":["GET"]}}],"collection":[{"href":"https:\/\/eva-massage-chinois-lyon.com\/index.php\/wp-json\/wp\/v2\/pages"}],"about":[{"href":"https:\/\/eva-massage-chinois-lyon.com\/index.php\/wp-json\/wp\/v2\/types\/page"}],"author":[{"embeddable":true,"href":"https:\/\/eva-massage-chinois-lyon.com\/index.php\/wp-json\/wp\/v2\/users\/1"}],"replies":[{"embeddable":true,"href":"https:\/\/eva-massage-chinois-lyon.com\/index.php\/wp-json\/wp\/v2\/comments?post=47"}],"version-history":[{"count":8,"href":"https:\/\/eva-massage-chinois-lyon.com\/index.php\/wp-json\/wp\/v2\/pages\/47\/revisions"}],"predecessor-version":[{"id":56,"href":"https:\/\/eva-massage-chinois-lyon.com\/index.php\/wp-json\/wp\/v2\/pages\/47\/revisions\/56"}],"wp:attachment":[{"href":"https:\/\/eva-massage-chinois-lyon.com\/index.php\/wp-json\/wp\/v2\/media?parent=47"}],"curies":[{"name":"wp","href":"https:\/\/api.w.org\/{rel}","templated":true}]}}